{"id":5,"date":"2023-01-11T21:22:46","date_gmt":"2023-01-12T02:22:46","guid":{"rendered":"http:\/\/stm-harcelement.localhost\/?page_id=5"},"modified":"2023-05-25T10:46:19","modified_gmt":"2023-05-25T14:46:19","slug":"accueil","status":"publish","type":"page","link":"https:\/\/www.temoinsagissons.ca\/fr\/","title":{"rendered":"Accueil"},"content":{"rendered":"\n<div class=\"bloc-stm-banner-home\">\n    <h1>\n        <img decoding=\"async\" src=\"https:\/\/www.temoinsagissons.ca\/wp-content\/uploads\/2023\/05\/Signature_Accueil_Mobile_FR.svg\" alt=\"T\u00e9moins, agissons. \" class=\"logo\" \/>        <img decoding=\"async\" src=\"https:\/\/www.temoinsagissons.ca\/wp-content\/uploads\/2023\/05\/Signature_Accueil_Desktop_FR-1.svg\" alt=\"T\u00e9moins, agissons. \" class=\"logo_desktop\" \/>    <\/h1>\n    \n        \n    <ul class=\"partners\"><li><img decoding=\"async\" src=\"https:\/\/www.temoinsagissons.ca\/wp-content\/uploads\/2023\/05\/Montreal.svg\" alt=\"Ville de Montr\u00e9al\"><\/li><li><img decoding=\"async\" src=\"https:\/\/www.temoinsagissons.ca\/wp-content\/uploads\/2023\/05\/SPVM.svg\" alt=\"SPVM\"><\/li><li><img decoding=\"async\" src=\"https:\/\/www.temoinsagissons.ca\/wp-content\/uploads\/2023\/05\/STM.svg\" alt=\"Soci\u00e9t\u00e9 de transport de Montr\u00e9al\"><\/li><\/ul><\/div>\n\n\n\n<div class=\"bloc-stm-title-text-call2action theme-green \">\n    <h2>C&rsquo;est quoi, le harc\u00e8lement de rue?<\/h2>    <div>\n        <p>Des gestes parfois banalis\u00e9s, toujours d\u00e9plac\u00e9s. Sauriez-vous les reconna\u00eetre?<\/p>        <div class=\"call2action\"><a href=\"\/fr\/quest-ce-que-le-harcelement-de-rue\/\" aria-label=\"Tout savoir&nbsp;: Harc\u00e8lement de rue&nbsp;: c\u2019est quoi exactement?\">Tout savoir<\/a><\/div>    <\/div>\n<\/div>\n\n\n\n<div class=\"bloc-stm-title-text-call2action theme-blue \">\n    <h2>Quoi faire si j\u2019en suis t\u00e9moin? <\/h2>    <div>\n        <p>Par une simple action, vous pouvez tout changer pour une personne victime. <\/p>        <div class=\"call2action\"><a href=\"\/fr\/temoins-5-gestes-a-poser\/\" aria-label=\"5 gestes \u00e0 poser&nbsp;: T\u00e9moins&nbsp;: 5 gestes \u00e0 poser\">5 gestes \u00e0 poser<\/a><\/div>    <\/div>\n<\/div>\n\n\n\n<div class=\"bloc-stm-title-text-call2action theme-red \">\n    <h2>Besoin d\u2019aide ou d\u2019\u00e9coute?<\/h2>    <div>\n        <p>Vous pouvez obtenir du soutien et de l\u2019accompagnement en toute confidentialit\u00e9.<\/p>        <div class=\"call2action\"><a href=\"\/fr\/ressources\/\" aria-label=\"Des ressources pour vous&nbsp;: Ressources\">Des ressources pour vous<\/a><\/div>    <\/div>\n<\/div>\n\n\n\n<div class=\"bloc-stm-title-text-call2action theme-black plain \">\n    <h2>\u00c0 propos de cette initiative<\/h2>    <div>\n        <p>La Ville de Montr\u00e9al, le SPVM et la STM s\u2019unissent pour le bien-\u00eatre collectif.<\/p>        <div class=\"call2action\"><a href=\"\/fr\/a-propos-de-cette-initiative\/\" aria-label=\"En savoir plus&nbsp;: \u00c0 propos de cette initiative\">En savoir plus<\/a><\/div>    <\/div>\n<\/div>\n","protected":false},"excerpt":{"rendered":"","protected":false},"author":1,"featured_media":0,"parent":0,"menu_order":0,"comment_status":"closed","ping_status":"closed","template":"","meta":{"inline_featured_image":false,"footnotes":""},"acf":[],"_links":{"self":[{"href":"https:\/\/www.temoinsagissons.ca\/fr\/wp-json\/wp\/v2\/pages\/5"}],"collection":[{"href":"https:\/\/www.temoinsagissons.ca\/fr\/wp-json\/wp\/v2\/pages"}],"about":[{"href":"https:\/\/www.temoinsagissons.ca\/fr\/wp-json\/wp\/v2\/types\/page"}],"author":[{"embeddable":true,"href":"https:\/\/www.temoinsagissons.ca\/fr\/wp-json\/wp\/v2\/users\/1"}],"replies":[{"embeddable":true,"href":"https:\/\/www.temoinsagissons.ca\/fr\/wp-json\/wp\/v2\/comments?post=5"}],"version-history":[{"count":124,"href":"https:\/\/www.temoinsagissons.ca\/fr\/wp-json\/wp\/v2\/pages\/5\/revisions"}],"predecessor-version":[{"id":1176,"href":"https:\/\/www.temoinsagissons.ca\/fr\/wp-json\/wp\/v2\/pages\/5\/revisions\/1176"}],"wp:attachment":[{"href":"https:\/\/www.temoinsagissons.ca\/fr\/wp-json\/wp\/v2\/media?parent=5"}],"curies":[{"name":"wp","href":"https:\/\/api.w.org\/{rel}","templated":true}]}}