{"id":283,"date":"2023-01-25T10:55:49","date_gmt":"2023-01-25T15:55:49","guid":{"rendered":"https:\/\/qa.stm-harcelement.nurunmtl.com\/?page_id=283"},"modified":"2023-05-10T16:31:27","modified_gmt":"2023-05-10T20:31:27","slug":"quest-ce-que-quun-acte-criminel","status":"publish","type":"page","link":"https:\/\/www.temoinsagissons.ca\/fr\/foire-aux-questions\/quest-ce-que-quun-acte-criminel\/","title":{"rendered":"Qu\u2019est-ce qu\u2019un acte criminel\u00a0?"},"content":{"rendered":"\n<p>Un acte criminel est un fait ou un geste qui porte atteinte \u00e0 l\u2019ordre public, \u00e0 la s\u00e9curit\u00e9 personnelle des individus et de leurs biens, ainsi qu\u2019\u00e0 la s\u00e9curit\u00e9 g\u00e9n\u00e9rale. C\u2019est une infraction grave, constituant un crime, pour laquelle une personne est poursuivie par voie de mise en accusation.<\/p>\n\n\n\n<p>Une personne qui en est victime est d\u00e9finie comme une personne ayant subi des dommages physiques ou psychologiques, mat\u00e9riels ou financiers \u00e0 la suite d\u2019un crime. Les actes criminels sont mentionn\u00e9s dans le Code criminel du Canada.<\/p>\n","protected":false},"excerpt":{"rendered":"<p>Un acte criminel est un fait ou un geste qui porte atteinte \u00e0 l\u2019ordre public, \u00e0 la s\u00e9curit\u00e9 personnelle des individus et de leurs biens, ainsi qu\u2019\u00e0 la s\u00e9curit\u00e9 g\u00e9n\u00e9rale. C\u2019est une infraction grave, constituant un crime, pour laquelle une personne est poursuivie par voie de mise en accusation. Une personne qui en est victime\u2026<\/p>\n","protected":false},"author":1,"featured_media":0,"parent":44,"menu_order":6,"comment_status":"closed","ping_status":"closed","template":"","meta":{"inline_featured_image":false,"footnotes":""},"acf":[],"_links":{"self":[{"href":"https:\/\/www.temoinsagissons.ca\/fr\/wp-json\/wp\/v2\/pages\/283"}],"collection":[{"href":"https:\/\/www.temoinsagissons.ca\/fr\/wp-json\/wp\/v2\/pages"}],"about":[{"href":"https:\/\/www.temoinsagissons.ca\/fr\/wp-json\/wp\/v2\/types\/page"}],"author":[{"embeddable":true,"href":"https:\/\/www.temoinsagissons.ca\/fr\/wp-json\/wp\/v2\/users\/1"}],"replies":[{"embeddable":true,"href":"https:\/\/www.temoinsagissons.ca\/fr\/wp-json\/wp\/v2\/comments?post=283"}],"version-history":[{"count":6,"href":"https:\/\/www.temoinsagissons.ca\/fr\/wp-json\/wp\/v2\/pages\/283\/revisions"}],"predecessor-version":[{"id":872,"href":"https:\/\/www.temoinsagissons.ca\/fr\/wp-json\/wp\/v2\/pages\/283\/revisions\/872"}],"up":[{"embeddable":true,"href":"https:\/\/www.temoinsagissons.ca\/fr\/wp-json\/wp\/v2\/pages\/44"}],"wp:attachment":[{"href":"https:\/\/www.temoinsagissons.ca\/fr\/wp-json\/wp\/v2\/media?parent=283"}],"curies":[{"name":"wp","href":"https:\/\/api.w.org\/{rel}","templated":true}]}}