{"id":17,"date":"2023-01-11T21:24:46","date_gmt":"2023-01-12T02:24:46","guid":{"rendered":"http:\/\/stm-harcelement.localhost\/?page_id=17"},"modified":"2024-07-26T16:12:06","modified_gmt":"2024-07-26T20:12:06","slug":"a-propos-de-cette-initiative","status":"publish","type":"page","link":"https:\/\/www.temoinsagissons.ca\/fr\/a-propos-de-cette-initiative\/","title":{"rendered":"\u00c0 propos de cette initiative"},"content":{"rendered":"\n<div class=\"wp-block-columns is-layout-flex wp-container-core-columns-layout-1 wp-block-columns-is-layout-flex\">\n<div class=\"wp-block-column is-layout-flow wp-block-column-is-layout-flow\" style=\"flex-basis:33.33%\">\n<h2 class=\"wp-block-heading\">S\u2019unir pour agir<\/h2>\n<\/div>\n\n\n\n<div class=\"wp-block-column is-layout-flow wp-block-column-is-layout-flow\" style=\"flex-basis:66.66%\">\n<p class=\"regular\">Le harc\u00e8lement de rue est un enjeu bien pr\u00e9sent dans la m\u00e9tropole. La Ville de Montr\u00e9al, le Service de police de la Ville de Montr\u00e9al (SPVM) et la Soci\u00e9t\u00e9 de transport de Montr\u00e9al (STM) s\u2019unissent donc pour lutter contre le harc\u00e8lement de rue  en posant des actions concr\u00e8tes afin d\u2019assurer le bien-\u00eatre collectif dans les lieux publics.<\/p>\n<\/div>\n<\/div>\n\n\n\n<hr class=\"wp-block-separator has-alpha-channel-opacity\"\/>\n\n\n\n<div class=\"wp-block-columns is-layout-flex wp-container-core-columns-layout-2 wp-block-columns-is-layout-flex\">\n<div class=\"wp-block-column is-layout-flow wp-block-column-is-layout-flow\" style=\"flex-basis:33.33%\">\n<h2 class=\"wp-block-heading\">Le harc\u00e8lement de rue, c\u2019est non. T\u00e9moins agissons.<\/h2>\n<\/div>\n\n\n\n<div class=\"wp-block-column is-layout-flow wp-block-column-is-layout-flow\" style=\"flex-basis:66.66%\">\n<p class=\"regular\">En collaboration avec des organismes du milieu communautaire, nous voulons sensibiliser la communaut\u00e9 avec la campagne \u00ab&nbsp;Le harc\u00e8lement de rue, c&rsquo;est non. T\u00e9moins, agissons.&nbsp;\u00bb en diffusant de l\u2019information sur le sujet pour pouvoir identifier ces situations et agir efficacement si nous en sommes t\u00e9moins.<\/p>\n<\/div>\n<\/div>\n\n\n\n<hr class=\"wp-block-separator has-alpha-channel-opacity\"\/>\n\n\n\n<div class=\"wp-block-columns is-layout-flex wp-container-core-columns-layout-3 wp-block-columns-is-layout-flex\">\n<div class=\"wp-block-column is-layout-flow wp-block-column-is-layout-flow\" style=\"flex-basis:33.33%\">\n<h2 class=\"wp-block-heading\">Le r\u00f4le des t\u00e9moins est important<\/h2>\n<\/div>\n\n\n\n<div class=\"wp-block-column is-layout-flow wp-block-column-is-layout-flow\" style=\"flex-basis:66.66%\">\n<p class=\"regular\">Dans un peu plus de la moiti\u00e9 des incidents rapport\u00e9s, les t\u00e9moins n&rsquo;ont pas agi pour aider la personne victime de harc\u00e8lement de rue<a  data-type=\"internal\" data-id=\"#note1\"  class=\"note-bas-de-page\" name=\"top_note1\" aria-label=\"Lien vers la note de bas de page #1\" href=\"#note1\">*<\/a>.&nbsp; Collectivement, on devrait se mobiliser pour lutter activement contre le harc\u00e8lement de rue. La premi\u00e8re \u00e9tape est la sensibilisation, car la banalisation des actes de harc\u00e8lement de rue peut contribuer \u00e0 faire perdurer le ph\u00e9nom\u00e8ne et \u00e0 normaliser ces comportements.<\/p>\n\n\n\n<p class=\"regular\">Il peut \u00eatre intimidant de poser action. Choisissez les actions avec lesquelles vous \u00eates le plus \u00e0 l\u2019aise. Peu importe ce que vous d\u00e9cidez de faire, une petite action peut tout changer. L\u2019important est de savoir reconna\u00eetre le harc\u00e8lement de rue et de passer \u00e0 l\u2019action.<\/p>\n\n\n\n<ul class=\"arrow\">\n<li class=\"last-item\"><a href=\"\/temoins-5-gestes-a-poser\/\" data-type=\"page\">5 gestes \u00e0 poser<\/a><\/li>\n<\/ul>\n<\/div>\n<\/div>\n\n\n\n<hr class=\"wp-block-separator has-alpha-channel-opacity\"\/>\n\n\n\n<div class=\"wp-block-columns is-layout-flex wp-container-core-columns-layout-4 wp-block-columns-is-layout-flex\">\n<div class=\"wp-block-column is-layout-flow wp-block-column-is-layout-flow\" style=\"flex-basis:33.33%\">\n<h2 class=\"wp-block-heading\">Des lieux publics s\u00fbrs pour tout le monde<\/h2>\n<\/div>\n\n\n\n<div class=\"wp-block-column is-layout-flow wp-block-column-is-layout-flow\" style=\"flex-basis:66.66%\">\n<p class=\"regular\">Tout le monde a le droit de circuler librement dans les lieux publics, peu importe son genre, son origine, son \u00e2ge, ses conditions sociales, ses capacit\u00e9s, sa couleur de peau, sa religion ou son orientation sexuelle. Montr\u00e9al est une ville alli\u00e9e de la lutte au harc\u00e8lement de rue depuis plusieurs ann\u00e9es. Son intention&nbsp;: continuer \u00e0 pr\u00e9venir le harc\u00e8lement de rue pour que la vie en ville soit harmonieuse, respectueuse des diff\u00e9rences et sans violence.<\/p>\n<\/div>\n<\/div>\n\n\n\n<hr class=\"wp-block-separator has-alpha-channel-opacity\"\/>\n\n\n\n<div class=\"wp-block-columns is-layout-flex wp-container-core-columns-layout-5 wp-block-columns-is-layout-flex\">\n<div class=\"wp-block-column is-layout-flow wp-block-column-is-layout-flow\" style=\"flex-basis:33.33%\">\n<h2 class=\"wp-block-heading\">Des actions de la Ville de Montr\u00e9al qui portent la vision d\u2019une ville s\u00e9curitaire et \u00e9galitaire<\/h2>\n<\/div>\n\n\n\n<div class=\"wp-block-column is-layout-flow wp-block-column-is-layout-flow\" style=\"flex-basis:66.66%\">\n<ul class=\"disc\">\n<li>D\u00e9claration contre les violences sexuelles au conseil municipal (2018)&nbsp;;<\/li>\n\n\n\n<li>Adh\u00e9sion \u00e0 l\u2019initiative mondiale \u00ab&nbsp;Des villes s\u00fbres et des espaces publics s\u00fbrs&nbsp;\u00bb d\u2019ONU Femmes (2019)&nbsp;;<\/li>\n\n\n\n<li>Soutien \u00e0 des initiatives communautaires de pr\u00e9vention des violences sexuelles dans les lieux publics&nbsp;;<\/li>\n\n\n\n<li>Soutien financier pour le d\u00e9veloppement d\u2019une recherche quantitative sur le harc\u00e8lement de rue \u00e0 Montr\u00e9al (2021)&nbsp;;<\/li>\n\n\n\n<li>Cr\u00e9ation et diffusion d\u2019un aide-m\u00e9moire sur les principes d\u2019am\u00e9nagement s\u00e9curitaire, \u00ab&nbsp;Cr\u00e9er des lieux publics o\u00f9 l\u2019on se sent en s\u00e9curit\u00e9&nbsp;\u00bb (2022), visant la conception d\u2019am\u00e9nagements, d\u2019espaces publics s\u00e9curitaires pour les filles, les femmes et l\u2019ensemble de la population&nbsp;;<\/li>\n\n\n\n<li>D\u00e9claration pour renforcer la lutte au harc\u00e8lement de rue \u00e0 Montr\u00e9al au conseil municipal (2022).<\/li>\n<\/ul>\n<\/div>\n<\/div>\n\n\n\n<hr class=\"wp-block-separator has-alpha-channel-opacity\"\/>\n\n\n\n<div class=\"wp-block-columns is-layout-flex wp-container-core-columns-layout-6 wp-block-columns-is-layout-flex\">\n<div class=\"wp-block-column is-layout-flow wp-block-column-is-layout-flow\" style=\"flex-basis:33.33%\">\n<h2 class=\"wp-block-heading\">Des solutions de la STM pour offrir un r\u00e9seau de transport collectif accueillant<\/h2>\n<\/div>\n\n\n\n<div class=\"wp-block-column is-layout-flow wp-block-column-is-layout-flow\" style=\"flex-basis:66.66%\">\n<ul class=\"undefined disc\">\n<li>Service Entre deux arr\u00eats&nbsp;: \u00e9largissement du service \u00e0 toute personne seule ou accompagn\u00e9e d\u2019un enfant qui en fait la demande entre 19&nbsp;h&nbsp;30 et 5&nbsp;h&nbsp;30, toute l\u2019ann\u00e9e. Ce service a \u00e9t\u00e9 mis en place par la STM en 1996. Initialement offert uniquement aux femmes, il a \u00e9t\u00e9 bonifi\u00e9 en septembre 2022.&nbsp;<\/li>\n\n\n\n<li>Sensibilisation du personnel de premi\u00e8re ligne en vue d\u2019offrir un accueil empathique aux personnes victimes ou t\u00e9moins de harc\u00e8lement. Ils peuvent aussi signaler un incident et orienter la victime vers les ressources d\u2019aide et de soutien.&nbsp;<\/li>\n\n\n\n<li>Pr\u00e9sence de constables sp\u00e9ciaux de la STM qui patrouillent les installations. Ces \u00e9quipes collaborent \u00e9troitement avec le SPVM.<\/li>\n<\/ul>\n<\/div>\n<\/div>\n\n\n\n<hr class=\"wp-block-separator has-alpha-channel-opacity\"\/>\n\n\n\n<div class=\"wp-block-columns is-layout-flex wp-container-core-columns-layout-7 wp-block-columns-is-layout-flex\">\n<div class=\"wp-block-column is-layout-flow wp-block-column-is-layout-flow\" style=\"flex-basis:33.33%\">\n<h2 class=\"wp-block-heading\">SPVM&nbsp;: une plateforme consacr\u00e9e aux incidents et aux crimes haineux<\/h2>\n<\/div>\n\n\n\n<div class=\"wp-block-column is-layout-flow wp-block-column-is-layout-flow\" style=\"flex-basis:66.66%\">\n<p class=\"regular\">Unit\u00e9 sp\u00e9cialis\u00e9e au sein du SPVM, le Module des incidents et crimes haineux (MICH) a \u00e9t\u00e9 cr\u00e9\u00e9 en 2016.<\/p>\n\n\n\n<p class=\"regular\">Son r\u00f4le est de pr\u00e9venir et de lutter contre les incidents et les crimes haineux afin de renforcer le sentiment de s\u00e9curit\u00e9 des Montr\u00e9alais et Montr\u00e9alaises. <a href=\"https:\/\/www.youtube.com\/watch?v=4-KtI7BDAuw\" target=\"_blank\" rel=\"noreferrer noopener\">Apprenez pourquoi il est important de signaler de telles situations (vid\u00e9o)<\/a>.<\/p>\n\n\n\n<p class=\"regular\">Le personnel du MICH traite exclusivement les incidents et les crimes motiv\u00e9s par la haine, que ce soit par le biais d\u2019enqu\u00eates, d\u2019analyses ou d\u2019activit\u00e9s de pr\u00e9vention.<\/p>\n<\/div>\n<\/div>\n\n\n\n<hr class=\"wp-block-separator has-alpha-channel-opacity\"\/>\n\n\n\n<div class=\"wp-block-columns is-layout-flex wp-container-core-columns-layout-8 wp-block-columns-is-layout-flex\">\n<div class=\"wp-block-column is-layout-flow wp-block-column-is-layout-flow\" style=\"flex-basis:33.33%\"><\/div>\n\n\n\n<div class=\"wp-block-column is-layout-flow wp-block-column-is-layout-flow\" style=\"flex-basis:66.66%\">\n<h3 class=\"wp-block-heading\">Nous remercions les organismes suivants pour leur contribution \u00e0 la campagne&nbsp;:<\/h3>\n\n\n\n<ul class=\"undefined arrow\">\n<li><a href=\"http:\/\/www.cavac.qc.ca\" target=\"_blank\" rel=\"noreferrer noopener\">Centre d&rsquo;aide aux victimes d&rsquo;actes criminels (CAVAC)<\/a><\/li>\n\n\n\n<li><a href=\"https:\/\/www.ceaf-montreal.qc.ca\/\" target=\"_blank\" rel=\"noreferrer noopener\">Centre d\u2019\u00e9ducation et d\u2019action des femmes de Montr\u00e9al<\/a><\/li>\n\n\n\n<li><a href=\"https:\/\/criccentresud.org\/\" target=\"_blank\" rel=\"noopener\">Centre de ressources en interculturel<\/a><\/li>\n\n\n\n<li><a href=\"https:\/\/www.cvasm.org\/\" target=\"_blank\" rel=\"noreferrer noopener\">Centre pour les victimes d&rsquo;agression sexuelle de Montr\u00e9al (CVASM)<\/a><\/li>\n\n\n\n<li><a href=\"http:\/\/www.commandeunangelot.com\/\" target=\"_blank\" rel=\"noreferrer noopener\">Collectif social<\/a><\/li>\n\n\n\n<li><a href=\"https:\/\/ville.montreal.qc.ca\/portal\/page?_pageid=6597,57357573&amp;_dad=portal&amp;_schema=PORTAL\" target=\"_blank\" rel=\"noreferrer noopener\">Conseil des Montr\u00e9alaises<\/a><\/li>\n\n\n\n<li><a rel=\"noreferrer noopener\" href=\"https:\/\/ineeipsh.org\/\" target=\"_blank\">Institut National pour l\u2019\u00c9quit\u00e9, l\u2019\u00c9galit\u00e9 et l\u2019Inclusion IN\u00c9\u00c9I \u2013 PSH<\/a><\/li>\n\n\n\n<li><a href=\"https:\/\/interligne.co\/\" target=\"_blank\" rel=\"noreferrer noopener\">Interligne<\/a><\/li>\n\n\n\n<li><a href=\"https:\/\/www.instagram.com\/lavoixdesjeunescompte\/?hl=fr\" target=\"_blank\" rel=\"noopener\">La voix des jeunes compte<\/a><\/li>\n\n\n\n<li><a href=\"https:\/\/www.tgfm.org\/fr\" target=\"_blank\" rel=\"noreferrer noopener\">Table des groupes de femmes de Montr\u00e9al<\/a><\/li>\n<\/ul>\n<\/div>\n<\/div>\n\n\n\n<hr class=\"wp-block-separator has-alpha-channel-opacity\"\/>\n\n\n\n<div class=\"bloc-stm-faq \">\n    <h2>Questions fr\u00e9quentes<\/h2>        <div class=\"questions\">\n    <div class=\"question-item\">\n                        <a href=\"\/fr\/foire-aux-questions\/#qu_est_ce_que_le_harc_lement_de_rue_\">Qu\u2019est-ce que le harc\u00e8lement de rue\u00a0?<\/a>\n                    <\/div><div class=\"question-item\">\n                        <a href=\"\/fr\/foire-aux-questions\/#quelles_sont_les_cons_quences_du_harc_lement_de_rue_chez_les_personnes_qui_le_vivent_\">Quelles sont les cons\u00e9quences du harc\u00e8lement de rue chez les personnes qui le vivent\u00a0?<\/a>\n                    <\/div>    <\/div>\n\n    <div class=\"call2action\"><a href=\"\/fr\/foire-aux-questions\/\">Toutes les questions<\/a><\/div>    \n<\/div>\n\n\n\n<hr class=\"wp-block-separator has-alpha-channel-opacity\"\/>\n\n\n\n<p class=\"note-bas-de-page line-bottom\" id=\"note1\"><sup>*<\/sup> Rapport&nbsp;de recherche sur le harc\u00e8lement de rue \u00e0 Montr\u00e9al. UQAM\/C\u00c9AF. Courcy, Isabelle,&nbsp;Lavoie&nbsp;Mongrain,&nbsp;Catherine,&nbsp;Blais, M\u00e9lissa (2022). <a href=\"#top_note1\" class=\"nbp-top\" aria-label=\"Retour \u00e0 la source de la note #1\" data-type=\"internal\"><img decoding=\"async\" role=\"img\" alt=\"Retour \u00e0 la source de la note #1\" src=\"\/wp-content\/themes\/stm-harcelement\/assets\/images\/back.svg\"><\/a>\n","protected":false},"excerpt":{"rendered":"<p>S\u2019unir pour agir Le harc\u00e8lement de rue est un enjeu bien pr\u00e9sent dans la m\u00e9tropole. La Ville de Montr\u00e9al, le Service de police de la Ville de Montr\u00e9al (SPVM) et la Soci\u00e9t\u00e9 de transport de Montr\u00e9al (STM) s\u2019unissent donc pour lutter contre le harc\u00e8lement de rue en posant des actions concr\u00e8tes afin d\u2019assurer le bien-\u00eatre\u2026<\/p>\n","protected":false},"author":1,"featured_media":0,"parent":0,"menu_order":0,"comment_status":"closed","ping_status":"closed","template":"","meta":{"inline_featured_image":false,"footnotes":""},"acf":[],"_links":{"self":[{"href":"https:\/\/www.temoinsagissons.ca\/fr\/wp-json\/wp\/v2\/pages\/17"}],"collection":[{"href":"https:\/\/www.temoinsagissons.ca\/fr\/wp-json\/wp\/v2\/pages"}],"about":[{"href":"https:\/\/www.temoinsagissons.ca\/fr\/wp-json\/wp\/v2\/types\/page"}],"author":[{"embeddable":true,"href":"https:\/\/www.temoinsagissons.ca\/fr\/wp-json\/wp\/v2\/users\/1"}],"replies":[{"embeddable":true,"href":"https:\/\/www.temoinsagissons.ca\/fr\/wp-json\/wp\/v2\/comments?post=17"}],"version-history":[{"count":55,"href":"https:\/\/www.temoinsagissons.ca\/fr\/wp-json\/wp\/v2\/pages\/17\/revisions"}],"predecessor-version":[{"id":1173,"href":"https:\/\/www.temoinsagissons.ca\/fr\/wp-json\/wp\/v2\/pages\/17\/revisions\/1173"}],"wp:attachment":[{"href":"https:\/\/www.temoinsagissons.ca\/fr\/wp-json\/wp\/v2\/media?parent=17"}],"curies":[{"name":"wp","href":"https:\/\/api.w.org\/{rel}","templated":true}]}}