{"id":13,"date":"2023-01-11T21:24:18","date_gmt":"2023-01-12T02:24:18","guid":{"rendered":"http:\/\/stm-harcelement.localhost\/?page_id=13"},"modified":"2024-08-27T16:17:26","modified_gmt":"2024-08-27T20:17:26","slug":"ressources","status":"publish","type":"page","link":"https:\/\/www.temoinsagissons.ca\/fr\/ressources\/","title":{"rendered":"Des ressources pour vous"},"content":{"rendered":"\n<div class=\"bloc-stm-text-theme theme-red plain \">\n    \n\n<p>Que vous ayez v\u00e9cu du harc\u00e8lement de rue, que vous en ayez \u00e9t\u00e9 t\u00e9moin ou que vous aidiez une personne dans ces situations, ces ressources sont l\u00e0 pour vous accompagner.<\/p>\n\n\n<\/div>\n\n\n\n<div class=\"wp-block-columns is-layout-flex wp-container-core-columns-layout-1 wp-block-columns-is-layout-flex\">\n<div class=\"wp-block-column is-layout-flow wp-block-column-is-layout-flow\" style=\"flex-basis:33.33%\">\n<h2 class=\"wp-block-heading\"><strong>Info-aide violence sexuelle<\/strong><\/h2>\n<\/div>\n\n\n\n<div class=\"wp-block-column is-layout-flow wp-block-column-is-layout-flow\" style=\"flex-basis:66.66%\">\n<p>Service d\u2019\u00e9coute et de r\u00e9f\u00e9rence, par t\u00e9l\u00e9phone et clavardage, accessible 24\u00a0heures\/24, 7\u00a0jours\/7.<\/p>\n\n\n\n<ul class=\"undefined phone\">\n<li><a href=\"tel:18889339007\">1&nbsp;888&nbsp;933-9007<\/a><\/li>\n\n\n\n<li class=\"pointer\"><a href=\"https:\/\/infoaideviolencesexuelle.ca\/\" target=\"_blank\" rel=\"noreferrer noopener\">infoaideviolencesexuelle.ca<\/a><\/li>\n<\/ul>\n\n\n\n<div class=\"bloc-stm-text-theme theme-red plain boxed last-item\">\n    \n\n<p>Info-aide violence sexuelle est un service d\u2019\u00e9coute, de soutien et d\u2019information, que vous ayez v\u00e9cu de la violence sexuelle ou que vous aidiez quelqu\u2019un dans cette situation. C\u2019est un service anonyme et confidentiel, gratuit et bilingue.<\/p>\n\n\n<\/div>\n<\/div>\n<\/div>\n\n\n\n<hr class=\"wp-block-separator has-alpha-channel-opacity\"\/>\n\n\n\n<div class=\"wp-block-columns is-layout-flex wp-container-core-columns-layout-2 wp-block-columns-is-layout-flex\">\n<div class=\"wp-block-column is-layout-flow wp-block-column-is-layout-flow\" style=\"flex-basis:33.33%\">\n<h2 class=\"wp-block-heading\">Tel-jeunes<\/h2>\n<\/div>\n\n\n\n<div class=\"wp-block-column is-layout-flow wp-block-column-is-layout-flow\" style=\"flex-basis:66.66%\">\n<p>Service d\u2019\u00e9coute (6h \u00e0 2h), texto (8h \u00e0 22h30) et clavardage (8h \u00e0 22h30).<\/p>\n\n\n\n<ul class=\"undefined phone\">\n<li><a href=\"tel:18002632266\">1 800 263-2266<\/a><\/li>\n\n\n\n<li class=\"pointer\"><a href=\"https:\/\/www.teljeunes.com\/\" target=\"_blank\" rel=\"noreferrer noopener\">teljeunes.com<\/a><\/li>\n<\/ul>\n\n\n\n<div class=\"bloc-stm-text-theme theme-red plain boxed last-item\">\n    \n\n<p>Tel-jeunes offre aux jeunes de 20 ans et moins un service professionnel d\u2019aide et de soutien gratuit, confidentiel et accessible 365 jours par ann\u00e9e.<\/p>\n\n\n<\/div>\n<\/div>\n<\/div>\n\n\n\n<hr class=\"wp-block-separator has-alpha-channel-opacity\"\/>\n\n\n\n<div class=\"wp-block-columns is-layout-flex wp-container-core-columns-layout-3 wp-block-columns-is-layout-flex\">\n<div class=\"wp-block-column is-layout-flow wp-block-column-is-layout-flow\" style=\"flex-basis:33.33%\">\n<h2 class=\"wp-block-heading\">Interligne<\/h2>\n<\/div>\n\n\n\n<div class=\"wp-block-column is-layout-flow wp-block-column-is-layout-flow\" style=\"flex-basis:66.66%\">\n<p>Service d\u2019\u00e9coute, de clavardage et SMS, accessible 24&nbsp;heures\/24, 7&nbsp;jours\/7.<\/p>\n\n\n\n<ul class=\"undefined phone\">\n<li><a href=\"tel:5148660103\">514&nbsp;866-0103<\/a>\u202f&nbsp;ou&nbsp;<a href=\"tel:18885051010\">1&nbsp;888&nbsp;505-1010<\/a><\/li>\n\n\n\n<li class=\"pointer\"><a href=\"https:\/\/interligne.co\/\" target=\"_blank\" rel=\"noreferrer noopener\">interligne.co<\/a><\/li>\n<\/ul>\n\n\n\n<div class=\"bloc-stm-text-theme theme-red plain boxed \">\n    \n\n<p>Interligne offre des services d\u2019aide et de renseignements pour les personnes LGBTQ+ et leurs proches.&nbsp;&nbsp;<\/p>\n\n\n<\/div>\n<\/div>\n<\/div>\n\n\n\n<hr class=\"wp-block-separator has-alpha-channel-opacity\"\/>\n\n\n\n<div class=\"wp-block-columns is-layout-flex wp-container-core-columns-layout-4 wp-block-columns-is-layout-flex\">\n<div class=\"wp-block-column is-layout-flow wp-block-column-is-layout-flow\" style=\"flex-basis:33.33%\">\n<h2 class=\"wp-block-heading\">En cas d\u2019urgence<\/h2>\n<\/div>\n\n\n\n<div class=\"wp-block-column is-layout-flow wp-block-column-is-layout-flow\" style=\"flex-basis:66.66%\">\n<h3 class=\"wp-block-heading\">Composez le 911<\/h3>\n\n\n\n<p class=\"regular\">Si vous craignez pour la s\u00e9curit\u00e9 d\u2019une personne ou la v\u00f4tre, en cas d\u2019urgence ou pour signaler une infraction criminelle ou un crime haineux.<\/p>\n\n\n\n<hr class=\"wp-block-separator has-alpha-channel-opacity\"\/>\n\n\n\n<h3 class=\"wp-block-heading\">Demandez de l\u2019aide d\u2019un membre du personnel sur les lieux<\/h3>\n\n\n\n<p class=\"regular\">O\u00f9 que vous soyez, si vous avez besoin d\u2019aide imm\u00e9diatement, n\u2019h\u00e9sitez pas \u00e0 faire appel \u00e0 un membre du personnel sur place.<\/p>\n\n\n\n<hr class=\"wp-block-separator has-alpha-channel-opacity\"\/>\n\n\n\n<h3 class=\"wp-block-heading\">Rapportez un incident \u00e0 caract\u00e8re haineux<\/h3>\n\n\n\n<ul class=\"regular arrow\">\n<li><a href=\"https:\/\/rapportenligne-onlinereport.spvm.qc.ca\/dors\/fr\/startreport\/100000200\/100739700\/fr\" target=\"_blank\" rel=\"noreferrer noopener\">Remplissez un formulaire en ligne du Module des incidents et crimes haineux (MICH) du SPVM<\/a><\/li>\n\n\n\n<li><a href=\"\/fr\/foire-aux-questions\/#qu_est_ce_que_le_module_des_incidents_et_crimes_haineux_mich_\" data-type=\"page\">Pour en savoir davantage sur le MICH<\/a><\/li>\n<\/ul>\n<\/div>\n<\/div>\n\n\n\n<hr class=\"wp-block-separator has-alpha-channel-opacity\"\/>\n\n\n\n<div class=\"wp-block-columns is-layout-flex wp-container-core-columns-layout-5 wp-block-columns-is-layout-flex\">\n<div class=\"wp-block-column is-layout-flow wp-block-column-is-layout-flow\" style=\"flex-basis:33.33%\">\n<h2 class=\"wp-block-heading\">En cas d\u2019urgence dans le r\u00e9seau STM<\/h2>\n<\/div>\n\n\n\n<div class=\"wp-block-column is-layout-flow wp-block-column-is-layout-flow\" style=\"flex-basis:66.66%\">\n<h3 class=\"wp-block-heading\">Utilisez les niches d\u2019assistance dans les stations<\/h3>\n\n\n\n<p class=\"regular\">On en retrouve une sur chaque quai des stations de m\u00e9tro. Elles sont rep\u00e9rables par la lumi\u00e8re bleue sur le quai. Elles permettent \u00e0 tous d\u2019entrer en contact avec le centre de contr\u00f4le du m\u00e9tro pour obtenir rapidement de l\u2019aide, peu importe la situation.<\/p>\n\n\n\n<hr class=\"wp-block-separator has-alpha-channel-opacity\"\/>\n\n\n\n<h3 class=\"wp-block-heading\">Ayez recours \u00e0 l\u2019interphone<\/h3>\n\n\n\n<p class=\"regular last-item\">L\u2019interphone, qu\u2019on retrouve dans chaque voiture de m\u00e9tro, vous mettra en contact avec l\u2019op\u00e9rateur du train, qui communiquera avec le centre de contr\u00f4le. Au besoin, n\u2019h\u00e9sitez pas \u00e0 vous \u00e9loigner ou \u00e0 changer de voiture pour utiliser l\u2019interphone.<\/p>\n<\/div>\n<\/div>\n\n\n\n<hr class=\"wp-block-separator has-alpha-channel-opacity\"\/>\n\n\n\n<div class=\"bloc-stm-faq \">\n    <h2>Questions fr\u00e9quentes<\/h2>        <div class=\"questions\">\n    <div class=\"question-item\">\n                        <a href=\"\/fr\/foire-aux-questions\/#que_dois_je_faire_si_je_suis_victime_de_harc_lement_de_rue_\">Que dois-je faire si je suis victime de harc\u00e8lement de rue\u00a0?<\/a>\n                    <\/div><div class=\"question-item\">\n                        <a href=\"\/fr\/foire-aux-questions\/#quelles_sont_les_cons_quences_du_harc_lement_de_rue_chez_les_personnes_qui_le_vivent_\">Quelles sont les cons\u00e9quences du harc\u00e8lement de rue chez les personnes qui le vivent\u00a0?<\/a>\n                    <\/div>    <\/div>\n\n    <div class=\"call2action\"><a href=\"\/fr\/foire-aux-questions\/\">Toutes les questions<\/a><\/div>    \n<\/div>\n","protected":false},"excerpt":{"rendered":"<p>Info-aide violence sexuelle Service d\u2019\u00e9coute et de r\u00e9f\u00e9rence, par t\u00e9l\u00e9phone et clavardage, accessible 24\u00a0heures\/24, 7\u00a0jours\/7. Tel-jeunes Service d\u2019\u00e9coute (6h \u00e0 2h), texto (8h \u00e0 22h30) et clavardage (8h \u00e0 22h30). Interligne Service d\u2019\u00e9coute, de clavardage et SMS, accessible 24&nbsp;heures\/24, 7&nbsp;jours\/7. En cas d\u2019urgence Composez le 911 Si vous craignez pour la s\u00e9curit\u00e9 d\u2019une personne ou\u2026<\/p>\n","protected":false},"author":1,"featured_media":0,"parent":0,"menu_order":0,"comment_status":"closed","ping_status":"closed","template":"","meta":{"inline_featured_image":false,"footnotes":""},"acf":[],"_links":{"self":[{"href":"https:\/\/www.temoinsagissons.ca\/fr\/wp-json\/wp\/v2\/pages\/13"}],"collection":[{"href":"https:\/\/www.temoinsagissons.ca\/fr\/wp-json\/wp\/v2\/pages"}],"about":[{"href":"https:\/\/www.temoinsagissons.ca\/fr\/wp-json\/wp\/v2\/types\/page"}],"author":[{"embeddable":true,"href":"https:\/\/www.temoinsagissons.ca\/fr\/wp-json\/wp\/v2\/users\/1"}],"replies":[{"embeddable":true,"href":"https:\/\/www.temoinsagissons.ca\/fr\/wp-json\/wp\/v2\/comments?post=13"}],"version-history":[{"count":50,"href":"https:\/\/www.temoinsagissons.ca\/fr\/wp-json\/wp\/v2\/pages\/13\/revisions"}],"predecessor-version":[{"id":1181,"href":"https:\/\/www.temoinsagissons.ca\/fr\/wp-json\/wp\/v2\/pages\/13\/revisions\/1181"}],"wp:attachment":[{"href":"https:\/\/www.temoinsagissons.ca\/fr\/wp-json\/wp\/v2\/media?parent=13"}],"curies":[{"name":"wp","href":"https:\/\/api.w.org\/{rel}","templated":true}]}}