{"id":11,"date":"2023-01-11T21:24:05","date_gmt":"2023-01-12T02:24:05","guid":{"rendered":"http:\/\/stm-harcelement.localhost\/?page_id=11"},"modified":"2024-08-30T10:50:13","modified_gmt":"2024-08-30T14:50:13","slug":"temoins-5-gestes-a-poser","status":"publish","type":"page","link":"https:\/\/www.temoinsagissons.ca\/fr\/temoins-5-gestes-a-poser\/","title":{"rendered":"T\u00e9moins : 5 gestes \u00e0 poser"},"content":{"rendered":"\n<div class=\"bloc-stm-text-theme theme-blue plain \">\n    \n\n<p>Le harc\u00e8lement de rue se produit le plus souvent alors qu\u2019il y a des gens autour de la personne victime<a   class=\"note-bas-de-page\" name=\"top_note1\" aria-label=\"Lien vers la note de bas de page #1\" href=\"#note1\">*<\/a>.<br><br>Dans 53% des cas, aucune aide n\u2019a \u00e9t\u00e9 offerte par les t\u00e9moins<a   class=\"note-bas-de-page\" name=\"top_note2\" aria-label=\"Lien vers la note de bas de page #2\" href=\"#note2\">**<\/a>.<br><br>Vous \u00eates t\u00e9moin&nbsp;? En agissant, vous pouvez tout changer pour la personne victime.<\/p>\n\n\n<\/div>\n\n\n\n<p class=\"a-noter\">Avant de poser un geste, \u00e9valuez la situation et assurez-vous d\u2019agir en s\u00e9curit\u00e9. Choisissez les actions avec lesquelles vous \u00eates \u00e0 l\u2019aise.<\/p>\n\n\n\n<div class=\"wp-block-columns is-layout-flex wp-container-core-columns-layout-1 wp-block-columns-is-layout-flex\">\n<div class=\"wp-block-column is-layout-flow wp-block-column-is-layout-flow\" style=\"flex-basis:33.33%\">\n<h2 class=\"wp-block-heading distraction\">Cr\u00e9er une distraction<\/h2>\n<\/div>\n\n\n\n<div class=\"wp-block-column is-layout-flow wp-block-column-is-layout-flow\" style=\"flex-basis:66.66%\">\n<p>Utilisez la distraction pour d\u00e9samorcer la situation et \u00e9viter qu&rsquo;elle ne d\u00e9g\u00e9n\u00e8re. Cela pourrait permettre \u00e0 la personne victime de s&rsquo;\u00e9loigner. <\/p>\n\n\n\n<div class=\"bloc-stm-text-theme theme-blue plain boxed last-item\">\n    \n\n<p>Vous pouvez demander l\u2019heure \u00e0 la personne victime, ou faire semblant de la conna\u00eetre.<\/p>\n\n\n\n<figure class=\"wp-block-image size-large is-resized\"><a href=\"https:\/\/www.youtube.com\/watch?v=NcdqwTO8KCg\" target=\"_blank\" rel=\"noreferrer noopener\"><img loading=\"lazy\" decoding=\"async\" width=\"1024\" height=\"531\" src=\"https:\/\/www.temoinsagissons.ca\/wp-content\/uploads\/2024\/08\/2024-08-30-10_18_13--1024x531.png\" alt=\"\" class=\"wp-image-1182\" style=\"width:549px;height:auto\" srcset=\"https:\/\/www.temoinsagissons.ca\/wp-content\/uploads\/2024\/08\/2024-08-30-10_18_13--1024x531.png 1024w, https:\/\/www.temoinsagissons.ca\/wp-content\/uploads\/2024\/08\/2024-08-30-10_18_13--300x156.png 300w, https:\/\/www.temoinsagissons.ca\/wp-content\/uploads\/2024\/08\/2024-08-30-10_18_13--768x399.png 768w, https:\/\/www.temoinsagissons.ca\/wp-content\/uploads\/2024\/08\/2024-08-30-10_18_13-.png 1370w\" sizes=\"(max-width: 1024px) 100vw, 1024px\" \/><\/a><\/figure>\n\n\n<\/div>\n<\/div>\n<\/div>\n\n\n\n<hr class=\"wp-block-separator has-alpha-channel-opacity\"\/>\n\n\n\n<div class=\"wp-block-columns is-layout-flex wp-container-core-columns-layout-2 wp-block-columns-is-layout-flex\">\n<div class=\"wp-block-column is-layout-flow wp-block-column-is-layout-flow\" style=\"flex-basis:33.33%\">\n<h2 class=\"wp-block-heading autre_personne\">S\u2019allier \u00e0 une autre personne<\/h2>\n<\/div>\n\n\n\n<div class=\"wp-block-column is-layout-flow wp-block-column-is-layout-flow\" style=\"flex-basis:66.66%\">\n<p>Si vous sentez que vous avez besoin d\u2019aide pour passer \u00e0 l\u2019action, demandez \u00e0 une personne pr\u00e8s de vous de vous aider.<\/p>\n\n\n\n<div class=\"bloc-stm-text-theme theme-blue plain boxed last-item\">\n    \n\n<p>Vous pouvez sugg\u00e9rer \u00e0 la personne \u00e0 c\u00f4t\u00e9 de vous de changer de place avec la personne victime ou demander \u00e0 un passant de vous aider.&nbsp;<\/p>\n\n\n\n<figure class=\"wp-block-image size-large is-resized\"><a href=\"https:\/\/www.youtube.com\/watch?v=HszULsc95CU\" target=\"_blank\" rel=\"noreferrer noopener\"><img loading=\"lazy\" decoding=\"async\" width=\"1024\" height=\"534\" src=\"https:\/\/www.temoinsagissons.ca\/wp-content\/uploads\/2024\/08\/2024-08-30-10_33_16-Image_Creer-une-distraction_V1.pptx-PowerPoint-1024x534.png\" alt=\"\" class=\"wp-image-1184\" style=\"width:549px\" srcset=\"https:\/\/www.temoinsagissons.ca\/wp-content\/uploads\/2024\/08\/2024-08-30-10_33_16-Image_Creer-une-distraction_V1.pptx-PowerPoint-1024x534.png 1024w, https:\/\/www.temoinsagissons.ca\/wp-content\/uploads\/2024\/08\/2024-08-30-10_33_16-Image_Creer-une-distraction_V1.pptx-PowerPoint-300x156.png 300w, https:\/\/www.temoinsagissons.ca\/wp-content\/uploads\/2024\/08\/2024-08-30-10_33_16-Image_Creer-une-distraction_V1.pptx-PowerPoint-768x400.png 768w, https:\/\/www.temoinsagissons.ca\/wp-content\/uploads\/2024\/08\/2024-08-30-10_33_16-Image_Creer-une-distraction_V1.pptx-PowerPoint.png 1372w\" sizes=\"(max-width: 1024px) 100vw, 1024px\" \/><\/a><\/figure>\n\n\n<\/div>\n<\/div>\n<\/div>\n\n\n\n<hr class=\"wp-block-separator has-alpha-channel-opacity\"\/>\n\n\n\n<div class=\"wp-block-columns is-layout-flex wp-container-core-columns-layout-3 wp-block-columns-is-layout-flex\">\n<div class=\"wp-block-column is-layout-flow wp-block-column-is-layout-flow\" style=\"flex-basis:33.33%\">\n<h2 class=\"wp-block-heading personnel\">Faire appel au personnel<\/h2>\n<\/div>\n\n\n\n<div class=\"wp-block-column is-layout-flow wp-block-column-is-layout-flow\" style=\"flex-basis:66.66%\">\n<p>Besoin d\u2019un coup de pouce suppl\u00e9mentaire&nbsp;? Demandez l\u2019aide du personnel sur place, d&rsquo;un responsable de la s\u00e9curit\u00e9 ou de la police. <\/p>\n\n\n\n<div class=\"bloc-stm-text-theme theme-blue plain boxed last-item\">\n    \n\n<p>En transport collectif, utilisez l\u2019interphone dans le train ou le t\u00e9l\u00e9phone rouge dans la niche d\u2019assistance sur le quai. <\/p>\n\n\n\n<ul class=\"undefined arrow\">\n<li><a href=\"https:\/\/www.stm.info\/fr\/infos\/reglements\/voyager-en-securite\/metro\" target=\"_blank\" rel=\"noreferrer noopener\">Pour en savoir plus<\/a><\/li>\n<\/ul>\n\n\n\n<figure class=\"wp-block-image size-large is-resized\"><a href=\"https:\/\/www.youtube.com\/watch?v=XhFJWbX7Hek\" target=\"_blank\" rel=\"noreferrer noopener\"><img loading=\"lazy\" decoding=\"async\" width=\"1024\" height=\"530\" src=\"https:\/\/www.temoinsagissons.ca\/wp-content\/uploads\/2024\/08\/2024-08-30-10_33_26-Image_Creer-une-distraction_V1.pptx-PowerPoint-1024x530.png\" alt=\"\" class=\"wp-image-1186\" style=\"width:549px\" srcset=\"https:\/\/www.temoinsagissons.ca\/wp-content\/uploads\/2024\/08\/2024-08-30-10_33_26-Image_Creer-une-distraction_V1.pptx-PowerPoint-1024x530.png 1024w, https:\/\/www.temoinsagissons.ca\/wp-content\/uploads\/2024\/08\/2024-08-30-10_33_26-Image_Creer-une-distraction_V1.pptx-PowerPoint-300x155.png 300w, https:\/\/www.temoinsagissons.ca\/wp-content\/uploads\/2024\/08\/2024-08-30-10_33_26-Image_Creer-une-distraction_V1.pptx-PowerPoint-768x398.png 768w, https:\/\/www.temoinsagissons.ca\/wp-content\/uploads\/2024\/08\/2024-08-30-10_33_26-Image_Creer-une-distraction_V1.pptx-PowerPoint.png 1367w\" sizes=\"(max-width: 1024px) 100vw, 1024px\" \/><\/a><\/figure>\n\n\n<\/div>\n<\/div>\n<\/div>\n\n\n\n<hr class=\"wp-block-separator has-alpha-channel-opacity\"\/>\n\n\n\n<div class=\"wp-block-columns is-layout-flex wp-container-core-columns-layout-4 wp-block-columns-is-layout-flex\">\n<div class=\"wp-block-column is-layout-flow wp-block-column-is-layout-flow\" style=\"flex-basis:33.33%\">\n<h2 class=\"wp-block-heading documenter\">Documenter la situation<\/h2>\n<\/div>\n\n\n\n<div class=\"wp-block-column is-layout-flow wp-block-column-is-layout-flow\" style=\"flex-basis:66.66%\">\n<p>Pendant l\u2019\u00e9v\u00e9nement, prenez en note les informations qui pourraient \u00eatre utiles pour la victime. Elle pourra utiliser ces preuves si elle d\u00e9cide de porter plainte. &nbsp;<\/p>\n\n\n\n<div class=\"bloc-stm-text-theme theme-blue plain boxed last-item\">\n    \n\n<p>Notez la date, l\u2019heure, le lieu, etc. Si vous prenez des photos ou filmez l\u2019incident, offrez toujours ces preuves \u00e0 la personne victime et ne les diffusez jamais sur vos r\u00e9seaux sociaux sans son consentement. <\/p>\n\n\n\n<figure class=\"wp-block-image size-large is-resized\"><a href=\"https:\/\/www.youtube.com\/watch?v=dRGYfM0zmPU\" target=\"_blank\" rel=\"noreferrer noopener\"><img loading=\"lazy\" decoding=\"async\" width=\"1024\" height=\"531\" src=\"https:\/\/www.temoinsagissons.ca\/wp-content\/uploads\/2024\/08\/2024-08-30-10_33_36-Image_Creer-une-distraction_V1.pptx-PowerPoint-1024x531.png\" alt=\"\" class=\"wp-image-1188\" style=\"width:549px\" srcset=\"https:\/\/www.temoinsagissons.ca\/wp-content\/uploads\/2024\/08\/2024-08-30-10_33_36-Image_Creer-une-distraction_V1.pptx-PowerPoint-1024x531.png 1024w, https:\/\/www.temoinsagissons.ca\/wp-content\/uploads\/2024\/08\/2024-08-30-10_33_36-Image_Creer-une-distraction_V1.pptx-PowerPoint-300x155.png 300w, https:\/\/www.temoinsagissons.ca\/wp-content\/uploads\/2024\/08\/2024-08-30-10_33_36-Image_Creer-une-distraction_V1.pptx-PowerPoint-768x398.png 768w, https:\/\/www.temoinsagissons.ca\/wp-content\/uploads\/2024\/08\/2024-08-30-10_33_36-Image_Creer-une-distraction_V1.pptx-PowerPoint.png 1366w\" sizes=\"(max-width: 1024px) 100vw, 1024px\" \/><\/a><\/figure>\n\n\n<\/div>\n<\/div>\n<\/div>\n\n\n\n<hr class=\"wp-block-separator has-alpha-channel-opacity\"\/>\n\n\n\n<div class=\"wp-block-columns is-layout-flex wp-container-core-columns-layout-5 wp-block-columns-is-layout-flex\">\n<div class=\"wp-block-column is-layout-flow wp-block-column-is-layout-flow\" style=\"flex-basis:33.33%\">\n<h2 class=\"wp-block-heading soutenir\">Soutenir la personne victime<\/h2>\n<\/div>\n\n\n\n<div class=\"wp-block-column is-layout-flow wp-block-column-is-layout-flow\" style=\"flex-basis:66.66%\">\n<p>Parfois, l\u2019incident se d\u00e9roule tellement vite que vous avez peu de temps pour r\u00e9agir. Vous pouvez \u00e9galement jouer un r\u00f4le important apr\u00e8s l\u2019incident.<\/p>\n\n\n\n<div class=\"bloc-stm-text-theme theme-blue plain boxed last-item\">\n    \n\n<p>Rester aupr\u00e8s de la personne victime pour la rassurer ou lui offrir de l\u2019aide peut avoir un impact sur la fa\u00e7on dont elle vit l\u2019\u00e9v\u00e9nement. On peut \u00e9galement v\u00e9rifier si elle veut appeler un proche ou \u00eatre accompagn\u00e9e quelque part.&nbsp;<\/p>\n\n\n\n<figure class=\"wp-block-image size-large is-resized\"><a href=\"https:\/\/www.youtube.com\/watch?v=GyJautnLcQg\" target=\"_blank\" rel=\"noreferrer noopener\"><img loading=\"lazy\" decoding=\"async\" width=\"1024\" height=\"533\" src=\"https:\/\/www.temoinsagissons.ca\/wp-content\/uploads\/2024\/08\/2024-08-30-10_33_44-Image_Creer-une-distraction_V1.pptx-PowerPoint-1024x533.png\" alt=\"\" class=\"wp-image-1190\" style=\"width:549px\" srcset=\"https:\/\/www.temoinsagissons.ca\/wp-content\/uploads\/2024\/08\/2024-08-30-10_33_44-Image_Creer-une-distraction_V1.pptx-PowerPoint-1024x533.png 1024w, https:\/\/www.temoinsagissons.ca\/wp-content\/uploads\/2024\/08\/2024-08-30-10_33_44-Image_Creer-une-distraction_V1.pptx-PowerPoint-300x156.png 300w, https:\/\/www.temoinsagissons.ca\/wp-content\/uploads\/2024\/08\/2024-08-30-10_33_44-Image_Creer-une-distraction_V1.pptx-PowerPoint-768x400.png 768w, https:\/\/www.temoinsagissons.ca\/wp-content\/uploads\/2024\/08\/2024-08-30-10_33_44-Image_Creer-une-distraction_V1.pptx-PowerPoint.png 1367w\" sizes=\"(max-width: 1024px) 100vw, 1024px\" \/><\/a><\/figure>\n\n\n<\/div>\n<\/div>\n<\/div>\n\n\n\n<hr class=\"wp-block-separator has-alpha-channel-opacity\"\/>\n\n\n\n<div class=\"bloc-stm-faq \">\n    <h2>Questions fr\u00e9quentes<\/h2>        <div class=\"questions\">\n    <div class=\"question-item\">\n                        <a href=\"\/fr\/foire-aux-questions\/#qu_est_ce_que_le_harc_lement_de_rue_\">Qu\u2019est-ce que le harc\u00e8lement de rue\u00a0?<\/a>\n                    <\/div><div class=\"question-item\">\n                        <a href=\"\/fr\/foire-aux-questions\/#pourquoi_met_on_le_t_moin_au_c_ur_de_la_d_marche_\">Pourquoi met-on le t\u00e9moin au c\u0153ur de la d\u00e9marche\u00a0?<\/a>\n                    <\/div>    <\/div>\n\n    <div class=\"call2action\"><a href=\"\/fr\/foire-aux-questions\/\">Toutes les questions<\/a><\/div>    \n<\/div>\n\n\n\n<hr class=\"wp-block-separator has-alpha-channel-opacity\"\/>\n\n\n\n<p class=\"note-bas-de-page\" tabindex=\"-1\"  id=\"note1\"><sup>*<\/sup> Condon, Lieber et Maillochon (2005) <a href=\"#top_note1\" class=\"nbp-top\" aria-label=\"Retour \u00e0 la source de la note #1\" data-type=\"internal\"><img decoding=\"async\" role=\"img\" alt=\"Retour \u00e0 la source de la note #1\" src=\"\/wp-content\/themes\/stm-harcelement\/assets\/images\/back.svg\"><\/a>\n\n\n\n<p class=\"note-bas-de-page line-bottom\" id=\"note2\"><sup>**<\/sup> Rapport&nbsp;de recherche sur le harc\u00e8lement de rue \u00e0 Montr\u00e9al. UQAM\/C\u00c9AF. Courcy, Isabelle,&nbsp;Lavoie&nbsp;Mongrain,&nbsp;Catherine,&nbsp;Blais,&nbsp;M\u00e9lissa (2022). <a href=\"#top_note2\" class=\"nbp-top\" aria-label=\"Retour \u00e0 la source de la note #2\" data-type=\"internal\"><img decoding=\"async\" role=\"img\" alt=\"Retour \u00e0 la source de la note #2\" src=\"\/wp-content\/themes\/stm-harcelement\/assets\/images\/back.svg\"><\/a>\n","protected":false},"excerpt":{"rendered":"<p>Avant de poser un geste, \u00e9valuez la situation et assurez-vous d\u2019agir en s\u00e9curit\u00e9. Choisissez les actions avec lesquelles vous \u00eates \u00e0 l\u2019aise. Cr\u00e9er une distraction Utilisez la distraction pour d\u00e9samorcer la situation et \u00e9viter qu&rsquo;elle ne d\u00e9g\u00e9n\u00e8re. Cela pourrait permettre \u00e0 la personne victime de s&rsquo;\u00e9loigner. S\u2019allier \u00e0 une autre personne Si vous sentez que\u2026<\/p>\n","protected":false},"author":1,"featured_media":0,"parent":0,"menu_order":0,"comment_status":"closed","ping_status":"closed","template":"","meta":{"inline_featured_image":false,"footnotes":""},"acf":[],"_links":{"self":[{"href":"https:\/\/www.temoinsagissons.ca\/fr\/wp-json\/wp\/v2\/pages\/11"}],"collection":[{"href":"https:\/\/www.temoinsagissons.ca\/fr\/wp-json\/wp\/v2\/pages"}],"about":[{"href":"https:\/\/www.temoinsagissons.ca\/fr\/wp-json\/wp\/v2\/types\/page"}],"author":[{"embeddable":true,"href":"https:\/\/www.temoinsagissons.ca\/fr\/wp-json\/wp\/v2\/users\/1"}],"replies":[{"embeddable":true,"href":"https:\/\/www.temoinsagissons.ca\/fr\/wp-json\/wp\/v2\/comments?post=11"}],"version-history":[{"count":33,"href":"https:\/\/www.temoinsagissons.ca\/fr\/wp-json\/wp\/v2\/pages\/11\/revisions"}],"predecessor-version":[{"id":1192,"href":"https:\/\/www.temoinsagissons.ca\/fr\/wp-json\/wp\/v2\/pages\/11\/revisions\/1192"}],"wp:attachment":[{"href":"https:\/\/www.temoinsagissons.ca\/fr\/wp-json\/wp\/v2\/media?parent=11"}],"curies":[{"name":"wp","href":"https:\/\/api.w.org\/{rel}","templated":true}]}}