{"id":448,"date":"2023-01-11T21:24:05","date_gmt":"2023-01-12T02:24:05","guid":{"rendered":"https:\/\/qa.stm-harcelement.nurunmtl.com\/?page_id=448"},"modified":"2023-06-02T15:41:53","modified_gmt":"2023-06-02T19:41:53","slug":"witnesses-5-things-you-can-do","status":"publish","type":"page","link":"https:\/\/www.temoinsagissons.ca\/en\/witnesses-5-things-you-can-do\/","title":{"rendered":"Witnesses: 5 things you can do"},"content":{"rendered":"\n<div class=\"bloc-stm-text-theme theme-blue plain \">\n    \n\n<p>Street harassment happens most often when other people are around the target<a   class=\"note-bas-de-page\" name=\"top_note1\" aria-label=\"Link to the footnote #1\" href=\"#note1\">*<\/a>.<br><br>In 50% of cases, no witnesses offered to help the target<a   class=\"note-bas-de-page\" name=\"top_note2\" aria-label=\"Link to the footnote #2\" href=\"#note2\">**<\/a>.<br><br>If you witness street harassment, take action. It will make all the difference to the person being targeted.<\/p>\n\n\n<\/div>\n\n\n\n<p class=\"a-noter\">Before doing anything, assess the situation and make sure that you feel safe to act. Take action in whatever way you feel comfortable.<\/p>\n\n\n\n<div class=\"wp-block-columns is-layout-flex wp-container-core-columns-layout-1 wp-block-columns-is-layout-flex\">\n<div class=\"wp-block-column is-layout-flow wp-block-column-is-layout-flow\" style=\"flex-basis:33.33%\">\n<h2 class=\"distraction wp-block-heading\">Provide a distraction<\/h2>\n<\/div>\n\n\n\n<div class=\"wp-block-column is-layout-flow wp-block-column-is-layout-flow\" style=\"flex-basis:66.66%\">\n<p>Use distraction to defuse the situation and prevent it from escalating. This can give the target a chance to get away.  <\/p>\n\n\n\n<div class=\"bloc-stm-text-theme theme-blue plain boxed \">\n    \n\n<p>You can ask the target for the time or act like you know them.<\/p>\n\n\n<\/div>\n<\/div>\n<\/div>\n\n\n\n<hr class=\"wp-block-separator has-alpha-channel-opacity\"\/>\n\n\n\n<div class=\"wp-block-columns is-layout-flex wp-container-core-columns-layout-2 wp-block-columns-is-layout-flex\">\n<div class=\"wp-block-column is-layout-flow wp-block-column-is-layout-flow\" style=\"flex-basis:33.33%\">\n<h2 class=\"autre_personne wp-block-heading\">Work with another witness&nbsp;<\/h2>\n<\/div>\n\n\n\n<div class=\"wp-block-column is-layout-flow wp-block-column-is-layout-flow\" style=\"flex-basis:66.66%\">\n<p>If you feel that you cannot do something alone, ask someone nearby to help you.<\/p>\n\n\n\n<div class=\"bloc-stm-text-theme theme-blue plain boxed \">\n    \n\n<p>You can suggest that the person next to you switch seats with the target or ask a passerby to help you.<\/p>\n\n\n<\/div>\n<\/div>\n<\/div>\n\n\n\n<hr class=\"wp-block-separator has-alpha-channel-opacity\"\/>\n\n\n\n<div class=\"wp-block-columns is-layout-flex wp-container-core-columns-layout-3 wp-block-columns-is-layout-flex\">\n<div class=\"wp-block-column is-layout-flow wp-block-column-is-layout-flow\" style=\"flex-basis:33.33%\">\n<h2 class=\"personnel wp-block-heading\">Get help on site &nbsp;<\/h2>\n<\/div>\n\n\n\n<div class=\"wp-block-column is-layout-flow wp-block-column-is-layout-flow\" style=\"flex-basis:66.66%\">\n<p>Need an extra hand? Ask staff, a security guard or a police officer on site to intervene.<\/p>\n\n\n\n<div class=\"bloc-stm-text-theme theme-blue plain boxed \">\n    \n\n<p>In the m\u00e9tro network, you can use the intercoms on trains and the assistance stations (red phones) on platforms to call for help.<\/p>\n\n\n\n<ul class=\"undefined arrow\">\n<li><a href=\"https:\/\/www.stm.info\/en\/info\/rules\/travelling-safely\/metro\" target=\"_blank\" rel=\"noreferrer noopener\">Learn more<\/a><\/li>\n<\/ul>\n\n\n<\/div>\n<\/div>\n<\/div>\n\n\n\n<hr class=\"wp-block-separator has-alpha-channel-opacity\"\/>\n\n\n\n<div class=\"wp-block-columns is-layout-flex wp-container-core-columns-layout-4 wp-block-columns-is-layout-flex\">\n<div class=\"wp-block-column is-layout-flow wp-block-column-is-layout-flow\" style=\"flex-basis:33.33%\">\n<h2 class=\"documenter wp-block-heading\">Document the situation<\/h2>\n<\/div>\n\n\n\n<div class=\"wp-block-column is-layout-flow wp-block-column-is-layout-flow\" style=\"flex-basis:66.66%\">\n<p>While the harassment is happening, note any information that might be useful in case the target decides to report the incident. &nbsp;<\/p>\n\n\n\n<div class=\"bloc-stm-text-theme theme-blue plain boxed \">\n    \n\n<p>Write down the date, time, location, etc. If you take any photos or record the incident on video, always offer this evidence to the target and never post it on social media without their consent.<\/p>\n\n\n<\/div>\n<\/div>\n<\/div>\n\n\n\n<hr class=\"wp-block-separator has-alpha-channel-opacity\"\/>\n\n\n\n<div class=\"wp-block-columns is-layout-flex wp-container-core-columns-layout-5 wp-block-columns-is-layout-flex\">\n<div class=\"wp-block-column is-layout-flow wp-block-column-is-layout-flow\" style=\"flex-basis:33.33%\">\n<h2 class=\"soutenir wp-block-heading\">Support the target <\/h2>\n<\/div>\n\n\n\n<div class=\"wp-block-column is-layout-flow wp-block-column-is-layout-flow\" style=\"flex-basis:66.66%\">\n<p>Sometimes, street harassment happens so fast that there isn\u2019t much time to react. You can still play an important role after the fact. <\/p>\n\n\n\n<div class=\"bloc-stm-text-theme theme-blue plain boxed \">\n    \n\n<p>Staying with the target and offering reassurance or help afterwards can have a big impact on the target\u2019s overall experience of the incident. You can also offer to call a loved one or accompany the target somewhere.<\/p>\n\n\n<\/div>\n<\/div>\n<\/div>\n\n\n\n<hr class=\"wp-block-separator has-alpha-channel-opacity\"\/>\n\n\n\n<div class=\"bloc-stm-faq \">\n    <h2>Frequently asked questions<\/h2>        <div class=\"questions\">\n    <div class=\"question-item\">\n                        <a href=\"\/en\/frequently-asked-questions\/#what_is_street_harassment_\">What is street harassment?<\/a>\n                    <\/div><div class=\"question-item\">\n                        <a href=\"\/en\/frequently-asked-questions\/#why_are_we_focusing_on_witnesses_in_this_process_\">Why are we focusing on witnesses in this process?<\/a>\n                    <\/div>    <\/div>\n\n    <div class=\"call2action\"><a href=\"\/en\/frequently-asked-questions\/\">All the questions<\/a><\/div>    \n<\/div>\n\n\n\n<hr class=\"wp-block-separator has-alpha-channel-opacity\"\/>\n\n\n\n<p class=\"note-bas-de-page fr\" id=\"note1\"> &nbsp;<sup>*<\/sup> Condon, Lieber et Maillochon (2005) <a href=\"#top_note1\" class=\"nbp-top\" aria-label=\"Back to the source #1\" data-type=\"internal\"><img decoding=\"async\" role=\"img\" alt=\"Back to the source #1\" src=\"\/wp-content\/themes\/stm-harcelement\/assets\/images\/back.svg\"><\/a>\n\n\n\n<p class=\"note-bas-de-page fr line-bottom\" id=\"note2\"><sup>**<\/sup> \u201cRapport de recherche sur le harc\u00e8lement de rue \u00e0 Montr\u00e9al.\u201d UQAM\/C\u00c9AF. Courcy, Isabelle,&nbsp;Lavoie&nbsp;Mongrain,&nbsp;Catherine,&nbsp;Blais,&nbsp;M\u00e9lissa (2022). <a href=\"#top_note2\" class=\"nbp-top\" aria-label=\"Back to the source #2\" data-type=\"internal\"><img decoding=\"async\" role=\"img\" alt=\"Back to the source #2\" src=\"\/wp-content\/themes\/stm-harcelement\/assets\/images\/back.svg\"><\/a>\n","protected":false},"excerpt":{"rendered":"<p>Before doing anything, assess the situation and make sure that you feel safe to act. Take action in whatever way you feel comfortable. Provide a distraction Use distraction to defuse the situation and prevent it from escalating. This can give the target a chance to get away. Work with another witness&nbsp; If you feel that\u2026<\/p>\n","protected":false},"author":1,"featured_media":0,"parent":0,"menu_order":0,"comment_status":"closed","ping_status":"closed","template":"","meta":{"inline_featured_image":false,"footnotes":""},"acf":[],"_links":{"self":[{"href":"https:\/\/www.temoinsagissons.ca\/en\/wp-json\/wp\/v2\/pages\/448"}],"collection":[{"href":"https:\/\/www.temoinsagissons.ca\/en\/wp-json\/wp\/v2\/pages"}],"about":[{"href":"https:\/\/www.temoinsagissons.ca\/en\/wp-json\/wp\/v2\/types\/page"}],"author":[{"embeddable":true,"href":"https:\/\/www.temoinsagissons.ca\/en\/wp-json\/wp\/v2\/users\/1"}],"replies":[{"embeddable":true,"href":"https:\/\/www.temoinsagissons.ca\/en\/wp-json\/wp\/v2\/comments?post=448"}],"version-history":[{"count":17,"href":"https:\/\/www.temoinsagissons.ca\/en\/wp-json\/wp\/v2\/pages\/448\/revisions"}],"predecessor-version":[{"id":1124,"href":"https:\/\/www.temoinsagissons.ca\/en\/wp-json\/wp\/v2\/pages\/448\/revisions\/1124"}],"wp:attachment":[{"href":"https:\/\/www.temoinsagissons.ca\/en\/wp-json\/wp\/v2\/media?parent=448"}],"curies":[{"name":"wp","href":"https:\/\/api.w.org\/{rel}","templated":true}]}}