{"id":396,"date":"2023-01-11T21:23:45","date_gmt":"2023-01-12T02:23:45","guid":{"rendered":"https:\/\/qa.stm-harcelement.nurunmtl.com\/?page_id=396"},"modified":"2023-06-12T08:50:28","modified_gmt":"2023-06-12T12:50:28","slug":"street-harassment-what-is-it","status":"publish","type":"page","link":"https:\/\/www.temoinsagissons.ca\/en\/street-harassment-what-is-it\/","title":{"rendered":"Street harassment: what is it?"},"content":{"rendered":"\n<div class=\"bloc-stm-text-theme theme-green plain \">\n    \n\n<p id=\"top1\">Two out of three people say they have experienced street harassment in Montr\u00e9al<a   class=\"note-bas-de-page\" name=\"top_note1\" aria-label=\"Link to the footnote #1\" href=\"#note1\" data-type=\"internal\" data-id=\"#note1\">*<\/a>.<\/p>\n\n\n\n<p>For both targets and witnesses, street harassment has an impact on quality of life in public spaces.&nbsp;The first step to fighting it is knowing how to recognize it.<\/p>\n\n\n<\/div>\n\n\n\n<div class=\"wp-block-columns is-layout-flex wp-container-core-columns-layout-1 wp-block-columns-is-layout-flex\">\n<div class=\"wp-block-column is-layout-flow wp-block-column-is-layout-flow\" style=\"flex-basis:33.33%\">\n<h2 class=\"wp-block-heading\"><strong>What is it?<\/strong><\/h2>\n<\/div>\n\n\n\n<div class=\"wp-block-column is-layout-flow wp-block-column-is-layout-flow\" style=\"flex-basis:66.66%\">\n<p>Offensive behavior from strangers including some things that you might see on a daily basis and that are often downplayed (such as&nbsp;whistling at someone in the street) and some things that are criminal acts (such as&nbsp;hitting someone).&nbsp;<\/p>\n\n\n\n<div class=\"bloc-stm-text-theme theme-green plain boxed \">\n    \n\n<p>This kind of violence may be directed at people based on factors like gender, nationality, skin colour, disability, age, sexual orientation, language or whether they are wearing religious attire.<\/p>\n\n\n<\/div>\n<\/div>\n<\/div>\n\n\n\n<hr class=\"wp-block-separator has-alpha-channel-opacity\"\/>\n\n\n\n<div class=\"wp-block-columns is-layout-flex wp-container-core-columns-layout-2 wp-block-columns-is-layout-flex\">\n<div class=\"wp-block-column is-layout-flow wp-block-column-is-layout-flow\" style=\"flex-basis:33.33%\">\n<h2 class=\"wp-block-heading\"><strong>What does it look like?<\/strong><\/h2>\n<\/div>\n\n\n\n<div class=\"wp-block-column is-layout-flow wp-block-column-is-layout-flow\" style=\"flex-basis:66.66%\">\n<p>Unsolicited comments, body language or gestures that are intrusive, demanding or disrespectful and that harm, humiliate or socially exclude someone.<\/p>\n<\/div>\n<\/div>\n\n\n\n<hr class=\"wp-block-separator has-alpha-channel-opacity\"\/>\n\n\n\n<div class=\"wp-block-columns is-layout-flex wp-container-core-columns-layout-3 wp-block-columns-is-layout-flex\">\n<div class=\"wp-block-column is-layout-flow wp-block-column-is-layout-flow\" style=\"flex-basis:33.33%\">\n<h2 class=\"wp-block-heading\"><strong>Where can it happen?<\/strong><\/h2>\n<\/div>\n\n\n\n<div class=\"wp-block-column is-layout-flow wp-block-column-is-layout-flow\" style=\"flex-basis:66.66%\">\n<p>In any public space.<\/p>\n\n\n\n<div class=\"bloc-stm-text-theme theme-green plain boxed \">\n    \n\n<p>Don\u2019t let the name fool you\u2014it can be confusing, but street harassment does not just happen in the street. It can happen in any public space, such as a park, bus stop, m\u00e9tro, bar, mall or museum.<\/p>\n\n\n<\/div>\n<\/div>\n<\/div>\n\n\n\n<hr class=\"wp-block-separator has-alpha-channel-opacity\"\/>\n\n\n\n<div class=\"wp-block-columns is-layout-flex wp-container-core-columns-layout-4 wp-block-columns-is-layout-flex\">\n<div class=\"wp-block-column is-layout-flow wp-block-column-is-layout-flow\" style=\"flex-basis:33.33%\">\n<h2 class=\"wp-block-heading\"><strong>Who is targeted?<\/strong><\/h2>\n<\/div>\n\n\n\n<div class=\"wp-block-column is-layout-flow wp-block-column-is-layout-flow\" style=\"flex-basis:66.66%\">\n<p>According to a recent research report<sup><a   class=\"note-bas-de-page\" name=\"top_note1\" aria-label=\"Link to the footnote #1\" href=\"#note1\">*<\/a><\/sup>, the people most likely to be targeted by street harassment are:<\/p>\n\n\n\n<ul class=\"undefined check\">\n<li>Women<\/li>\n\n\n\n<li>The youth<\/li>\n\n\n\n<li>Racialized and Indigenous people<\/li>\n\n\n\n<li>Sexually diverse (gay, bi, pan, etc.) and gender-diverse (trans, non-binary, genderfluid, etc.) people<\/li>\n\n\n\n<li>People with disabilities and functional limitations<\/li>\n<\/ul>\n<\/div>\n<\/div>\n\n\n\n<hr class=\"wp-block-separator has-alpha-channel-opacity\"\/>\n\n\n\n<div class=\"wp-block-columns is-layout-flex wp-container-core-columns-layout-5 wp-block-columns-is-layout-flex\">\n<div class=\"wp-block-column is-layout-flow wp-block-column-is-layout-flow\" style=\"flex-basis:33.33%\">\n<h2 class=\"wp-block-heading\"><strong>When can it happen?<\/strong><\/h2>\n<\/div>\n\n\n\n<div class=\"wp-block-column is-layout-flow wp-block-column-is-layout-flow\" style=\"flex-basis:66.66%\">\n<p>Any time of day.<\/p>\n\n\n\n<div class=\"bloc-stm-text-theme theme-green plain boxed \">\n    \n\n<p>That\u2019s right\u2014street harassment does not just happen in the evening or at night.<\/p>\n\n\n<\/div>\n<\/div>\n<\/div>\n\n\n\n<hr class=\"wp-block-separator has-alpha-channel-opacity\"\/>\n\n\n\n<div class=\"wp-block-columns is-layout-flex wp-container-core-columns-layout-6 wp-block-columns-is-layout-flex\">\n<div class=\"wp-block-column is-layout-flow wp-block-column-is-layout-flow\" style=\"flex-basis:33.33%\">\n<h2 class=\"wp-block-heading\"><strong><strong>Examples of street harassment:<\/strong><\/strong><\/h2>\n<\/div>\n\n\n\n<div class=\"wp-block-column is-layout-flow wp-block-column-is-layout-flow\" style=\"flex-basis:66.66%\">\n<ul class=\"undefined x\">\n<li>Staring or disapproving looks<\/li>\n\n\n\n<li>Whistling&nbsp;<\/li>\n\n\n\n<li>Crude remarks or offensive sexual jokes<\/li>\n\n\n\n<li>Inappropriate comments, mocking or insults&nbsp;<\/li>\n\n\n\n<li>Degrading, intrusive or unwanted comments<\/li>\n\n\n\n<li>Taking someone\u2019s photo without their permission<\/li>\n\n\n\n<li>Following someone insistently<\/li>\n\n\n\n<li>Sexual advances<\/li>\n<\/ul>\n\n\n\n<h3 class=\"wp-block-heading\">Street harassment also includes criminal acts that the target can report to the police, such as:<\/h3>\n\n\n\n<ul class=\"undefined exclamation\">\n<li>Uttering threats<\/li>\n\n\n\n<li>Exposing private body parts in public<\/li>\n\n\n\n<li>Shoving, grabbing or spitting on someone<\/li>\n\n\n\n<li>Unwanted touching&nbsp;<\/li>\n\n\n\n<li>Sending unsolicited photos&nbsp;(AirDrop, etc.)<\/li>\n<\/ul>\n<\/div>\n<\/div>\n\n\n\n<div class=\"bloc-stm-title-text-call2action theme-green plain \">\n    <h2>You know what to look for. Now, here\u2019s what to do.<\/h2>    <div>\n                <div class=\"call2action\"><a href=\"\/en\/witnesses-5-things-you-can-do\/\" aria-label=\"5 things you can do&nbsp;: Witnesses: 5 things you can do\">5 things you can do<\/a><\/div>    <\/div>\n<\/div>\n\n\n\n<div class=\"bloc-stm-faq \">\n    <h2>Frequently asked questions<\/h2>        <div class=\"questions\">\n    <div class=\"question-item\">\n                        <a href=\"\/en\/frequently-asked-questions\/#how_does_street_harassment_affect_the_target_\">How does street harassment affect the target?<\/a>\n                    <\/div><div class=\"question-item\">\n                        <a href=\"\/en\/frequently-asked-questions\/#what_is_a_criminal_act_\">What is a criminal act?<\/a>\n                    <\/div>    <\/div>\n\n    <div class=\"call2action\"><a href=\"\/en\/frequently-asked-questions\/\">All the questions<\/a><\/div>    \n<\/div>\n\n\n\n<hr class=\"wp-block-separator has-alpha-channel-opacity\"\/>\n\n\n\n<p class=\"note-bas-de-page fr line-bottom\" id=\"note1\"><sup>*<\/sup>\u201cRapport de recherche sur le harc\u00e8lement de rue \u00e0 Montr\u00e9al.\u201d UQAM\/C\u00c9AF. Courcy, Isabelle, Lavoie Mongrain, Catherine, Blais, M\u00e9lissa (2022). <a href=\"#top_note1\" class=\"nbp-top\" aria-label=\"Back to the source #1\" data-type=\"internal\"><img decoding=\"async\" role=\"img\" alt=\"Back to the source #1\" src=\"\/wp-content\/themes\/stm-harcelement\/assets\/images\/back.svg\"><\/a>\n","protected":false},"excerpt":{"rendered":"<p>What is it? Offensive behavior from strangers including some things that you might see on a daily basis and that are often downplayed (such as&nbsp;whistling at someone in the street) and some things that are criminal acts (such as&nbsp;hitting someone).&nbsp; What does it look like? Unsolicited comments, body language or gestures that are intrusive, demanding\u2026<\/p>\n","protected":false},"author":1,"featured_media":0,"parent":0,"menu_order":0,"comment_status":"closed","ping_status":"closed","template":"","meta":{"inline_featured_image":false,"footnotes":""},"acf":[],"_links":{"self":[{"href":"https:\/\/www.temoinsagissons.ca\/en\/wp-json\/wp\/v2\/pages\/396"}],"collection":[{"href":"https:\/\/www.temoinsagissons.ca\/en\/wp-json\/wp\/v2\/pages"}],"about":[{"href":"https:\/\/www.temoinsagissons.ca\/en\/wp-json\/wp\/v2\/types\/page"}],"author":[{"embeddable":true,"href":"https:\/\/www.temoinsagissons.ca\/en\/wp-json\/wp\/v2\/users\/1"}],"replies":[{"embeddable":true,"href":"https:\/\/www.temoinsagissons.ca\/en\/wp-json\/wp\/v2\/comments?post=396"}],"version-history":[{"count":31,"href":"https:\/\/www.temoinsagissons.ca\/en\/wp-json\/wp\/v2\/pages\/396\/revisions"}],"predecessor-version":[{"id":1164,"href":"https:\/\/www.temoinsagissons.ca\/en\/wp-json\/wp\/v2\/pages\/396\/revisions\/1164"}],"wp:attachment":[{"href":"https:\/\/www.temoinsagissons.ca\/en\/wp-json\/wp\/v2\/media?parent=396"}],"curies":[{"name":"wp","href":"https:\/\/api.w.org\/{rel}","templated":true}]}}