{"id":379,"date":"2023-01-11T21:22:46","date_gmt":"2023-01-12T02:22:46","guid":{"rendered":"https:\/\/qa.stm-harcelement.nurunmtl.com\/?page_id=379"},"modified":"2023-06-06T13:41:17","modified_gmt":"2023-06-06T17:41:17","slug":"accueil","status":"publish","type":"page","link":"https:\/\/www.temoinsagissons.ca\/en\/","title":{"rendered":"Home"},"content":{"rendered":"\n<div class=\"bloc-stm-banner-home\">\n    <h1>\n        <img decoding=\"async\" src=\"https:\/\/www.temoinsagissons.ca\/wp-content\/uploads\/2023\/06\/Signature_Accueil_Mobile_EN.svg\" alt=\"Street harassment: stop it. Witnesses, take action. \" class=\"logo\" \/>        <img decoding=\"async\" src=\"https:\/\/www.temoinsagissons.ca\/wp-content\/uploads\/2023\/06\/Signature_Accueil_Desktop_EN.svg\" alt=\"Street harassment: stop it. Witnesses, take action. \" class=\"logo_desktop\" \/>    <\/h1>\n    \n        \n    <ul class=\"partners\"><li><img decoding=\"async\" src=\"https:\/\/www.temoinsagissons.ca\/wp-content\/uploads\/2023\/05\/Montreal.svg\" alt=\"Ville de Montr\u00e9al\"><\/li><li><img decoding=\"async\" src=\"https:\/\/www.temoinsagissons.ca\/wp-content\/uploads\/2023\/05\/SPVM.svg\" alt=\"SPVM\"><\/li><li><img decoding=\"async\" src=\"https:\/\/www.temoinsagissons.ca\/wp-content\/uploads\/2023\/05\/STM.svg\" alt=\"Soci\u00e9t\u00e9 de transport de Montr\u00e9al\"><\/li><\/ul><\/div>\n\n\n\n<div class=\"bloc-stm-title-text-call2action theme-green \">\n    <h2>What is street harassment?<\/h2>    <div>\n        <p>Street harassment is often downplayed, but always wrong. Do you know how to recognize it?<\/p>        <div class=\"call2action\"><a href=\"\/en\/street-harassment-what-is-it\/\" aria-label=\"Learn more&nbsp;: Street Harassment What is it\">Learn more<\/a><\/div>    <\/div>\n<\/div>\n\n\n\n<div class=\"bloc-stm-title-text-call2action theme-blue \">\n    <h2>What should I do if I see it happening?<\/h2>    <div>\n        <p>There are simple things you can do to make a big difference to targets of harassment.<\/p>        <div class=\"call2action\"><a href=\"\/en\/witnesses-5-things-you-can-do\/\" aria-label=\"5 things you can do&nbsp;: Witnesses: 5 things you can do\">5 things you can do<\/a><\/div>    <\/div>\n<\/div>\n\n\n\n<div class=\"bloc-stm-title-text-call2action theme-red \">\n    <h2>Need to talk to someone?<\/h2>    <div>\n        <p>Get confidential help and support.<\/p>        <div class=\"call2action\"><a href=\"\/en\/resources\/\" aria-label=\"Resources&nbsp;: Resources\">Resources<\/a><\/div>    <\/div>\n<\/div>\n\n\n\n<div class=\"bloc-stm-title-text-call2action theme-black plain \">\n    <h2>About this initiative<\/h2>    <div>\n        <p>The City of Montr\u00e9al, STM and SPVM are working together for the good of the community.<\/p>        <div class=\"call2action\"><a href=\"\/en\/about-this-initiative\/\" aria-label=\"Learn more&nbsp;: About this initiative\">Learn more<\/a><\/div>    <\/div>\n<\/div>\n","protected":false},"excerpt":{"rendered":"","protected":false},"author":1,"featured_media":0,"parent":0,"menu_order":0,"comment_status":"closed","ping_status":"closed","template":"","meta":{"inline_featured_image":false,"footnotes":""},"acf":[],"_links":{"self":[{"href":"https:\/\/www.temoinsagissons.ca\/en\/wp-json\/wp\/v2\/pages\/379"}],"collection":[{"href":"https:\/\/www.temoinsagissons.ca\/en\/wp-json\/wp\/v2\/pages"}],"about":[{"href":"https:\/\/www.temoinsagissons.ca\/en\/wp-json\/wp\/v2\/types\/page"}],"author":[{"embeddable":true,"href":"https:\/\/www.temoinsagissons.ca\/en\/wp-json\/wp\/v2\/users\/1"}],"replies":[{"embeddable":true,"href":"https:\/\/www.temoinsagissons.ca\/en\/wp-json\/wp\/v2\/comments?post=379"}],"version-history":[{"count":23,"href":"https:\/\/www.temoinsagissons.ca\/en\/wp-json\/wp\/v2\/pages\/379\/revisions"}],"predecessor-version":[{"id":1137,"href":"https:\/\/www.temoinsagissons.ca\/en\/wp-json\/wp\/v2\/pages\/379\/revisions\/1137"}],"wp:attachment":[{"href":"https:\/\/www.temoinsagissons.ca\/en\/wp-json\/wp\/v2\/media?parent=379"}],"curies":[{"name":"wp","href":"https:\/\/api.w.org\/{rel}","templated":true}]}}